{"id":1848,"date":"2022-01-10T18:29:44","date_gmt":"2022-01-10T18:29:44","guid":{"rendered":"https:\/\/novavenida.pt\/?page_id=1848"},"modified":"2022-01-10T18:45:16","modified_gmt":"2022-01-10T18:45:16","slug":"noticias","status":"publish","type":"page","link":"https:\/\/novavenida.pt\/en\/noticias\/","title":{"rendered":"not\u00edcias"},"content":{"rendered":"\t\t<div data-elementor-type=\"wp-page\" data-elementor-id=\"1848\" class=\"elementor elementor-1848\" data-elementor-post-type=\"page\">\n\t\t\t\t\t\t<section class=\"elementor-section elementor-top-section elementor-element elementor-element-1b67a8db elementor-section-height-min-height elementor-section-boxed elementor-section-height-default elementor-section-items-middle\" data-id=\"1b67a8db\" data-element_type=\"section\" data-e-type=\"section\" data-settings=\"{&quot;background_background&quot;:&quot;classic&quot;,&quot;background_motion_fx_scale_effect&quot;:&quot;yes&quot;,&quot;background_motion_fx_scale_speed&quot;:{&quot;unit&quot;:&quot;px&quot;,&quot;size&quot;:1,&quot;sizes&quot;:[]},&quot;background_motion_fx_scale_range&quot;:{&quot;unit&quot;:&quot;%&quot;,&quot;size&quot;:&quot;&quot;,&quot;sizes&quot;:{&quot;start&quot;:0,&quot;end&quot;:100}},&quot;background_motion_fx_motion_fx_scrolling&quot;:&quot;yes&quot;,&quot;background_motion_fx_scale_direction&quot;:&quot;out-in&quot;,&quot;background_motion_fx_devices&quot;:[&quot;desktop&quot;,&quot;tablet&quot;,&quot;mobile&quot;]}\">\n\t\t\t\t\t\t\t<div class=\"elementor-background-overlay\"><\/div>\n\t\t\t\t\t\t\t<div class=\"elementor-container elementor-column-gap-no\">\n\t\t\t\t\t<div class=\"elementor-column elementor-col-33 elementor-top-column elementor-element elementor-element-ef9ab6c\" data-id=\"ef9ab6c\" data-element_type=\"column\" data-e-type=\"column\">\n\t\t\t<div class=\"elementor-widget-wrap elementor-element-populated\">\n\t\t\t\t\t\t<div class=\"elementor-element elementor-element-233c8f20 elementor-invisible elementor-widget elementor-widget-heading\" data-id=\"233c8f20\" data-element_type=\"widget\" data-e-type=\"widget\" data-settings=\"{&quot;_animation&quot;:&quot;fadeIn&quot;,&quot;_animation_delay&quot;:200}\" data-widget_type=\"heading.default\">\n\t\t\t\t<div class=\"elementor-widget-container\">\n\t\t\t\t\t<h1 class=\"elementor-heading-title elementor-size-default\">O Nosso Blog<\/h1>\t\t\t\t<\/div>\n\t\t\t\t<\/div>\n\t\t\t\t\t<\/div>\n\t\t<\/div>\n\t\t\t\t<div class=\"elementor-column elementor-col-33 elementor-top-column elementor-element elementor-element-259b3101\" data-id=\"259b3101\" data-element_type=\"column\" data-e-type=\"column\" data-settings=\"{&quot;background_background&quot;:&quot;classic&quot;}\">\n\t\t\t<div class=\"elementor-widget-wrap elementor-element-populated\">\n\t\t\t\t\t\t<div class=\"elementor-element elementor-element-34518a26 elementor-widget elementor-widget-image\" data-id=\"34518a26\" data-element_type=\"widget\" data-e-type=\"widget\" data-settings=\"{&quot;motion_fx_motion_fx_scrolling&quot;:&quot;yes&quot;,&quot;motion_fx_scale_effect&quot;:&quot;yes&quot;,&quot;motion_fx_scale_speed&quot;:{&quot;unit&quot;:&quot;px&quot;,&quot;size&quot;:-2,&quot;sizes&quot;:[]},&quot;motion_fx_scale_range&quot;:{&quot;unit&quot;:&quot;%&quot;,&quot;size&quot;:&quot;&quot;,&quot;sizes&quot;:{&quot;start&quot;:40,&quot;end&quot;:100}},&quot;motion_fx_scale_direction&quot;:&quot;out-in&quot;,&quot;motion_fx_devices&quot;:[&quot;desktop&quot;,&quot;tablet&quot;,&quot;mobile&quot;]}\" data-widget_type=\"image.default\">\n\t\t\t\t<div class=\"elementor-widget-container\">\n\t\t\t\t\t\t\t\t\t\t\t\t\t\t\t<img fetchpriority=\"high\" decoding=\"async\" width=\"400\" height=\"400\" src=\"https:\/\/novavenida.pt\/wp-content\/uploads\/2021\/11\/Panerai-Radiomir-PAM-00514-stainless-steel-Full-Set.jpg\" class=\"attachment-large size-large wp-image-1505\" alt=\"\" srcset=\"https:\/\/novavenida.pt\/wp-content\/uploads\/2021\/11\/Panerai-Radiomir-PAM-00514-stainless-steel-Full-Set.jpg 400w, https:\/\/novavenida.pt\/wp-content\/uploads\/2021\/11\/Panerai-Radiomir-PAM-00514-stainless-steel-Full-Set-300x300.jpg 300w, https:\/\/novavenida.pt\/wp-content\/uploads\/2021\/11\/Panerai-Radiomir-PAM-00514-stainless-steel-Full-Set-150x150.jpg 150w, https:\/\/novavenida.pt\/wp-content\/uploads\/2021\/11\/Panerai-Radiomir-PAM-00514-stainless-steel-Full-Set-12x12.jpg 12w\" sizes=\"(max-width: 400px) 100vw, 400px\" \/>\t\t\t\t\t\t\t\t\t\t\t\t\t\t\t<\/div>\n\t\t\t\t<\/div>\n\t\t\t\t\t<\/div>\n\t\t<\/div>\n\t\t\t\t<div class=\"elementor-column elementor-col-33 elementor-top-column elementor-element elementor-element-33923167\" data-id=\"33923167\" data-element_type=\"column\" data-e-type=\"column\">\n\t\t\t<div class=\"elementor-widget-wrap elementor-element-populated\">\n\t\t\t\t\t\t<div class=\"elementor-element elementor-element-683241c elementor-invisible elementor-widget elementor-widget-text-editor\" data-id=\"683241c\" data-element_type=\"widget\" data-e-type=\"widget\" data-settings=\"{&quot;_animation&quot;:&quot;fadeIn&quot;,&quot;_animation_delay&quot;:400}\" data-widget_type=\"text-editor.default\">\n\t\t\t\t<div class=\"elementor-widget-container\">\n\t\t\t\t\t\t\t\t\t<p>Mantenha-se a par das novidades e noticias da Novavenida.\u00a0<\/p>\t\t\t\t\t\t\t\t<\/div>\n\t\t\t\t<\/div>\n\t\t\t\t<div class=\"elementor-element elementor-element-4752826f elementor-view-default elementor-invisible elementor-widget elementor-widget-icon\" data-id=\"4752826f\" data-element_type=\"widget\" data-e-type=\"widget\" data-settings=\"{&quot;_animation&quot;:&quot;fadeInDown&quot;,&quot;_animation_delay&quot;:600}\" data-widget_type=\"icon.default\">\n\t\t\t\t<div class=\"elementor-widget-container\">\n\t\t\t\t\t\t\t<div class=\"elementor-icon-wrapper\">\n\t\t\t<a class=\"elementor-icon elementor-animation-sink\" href=\"#services\">\n\t\t\t\t\t\t<\/a>\n\t\t<\/div>\n\t\t\t\t\t\t<\/div>\n\t\t\t\t<\/div>\n\t\t\t\t\t<\/div>\n\t\t<\/div>\n\t\t\t\t\t<\/div>\n\t\t<\/section>\n\t\t\t\t<section class=\"elementor-section elementor-top-section elementor-element elementor-element-61b79b9a elementor-section-boxed elementor-section-height-default elementor-section-height-default\" data-id=\"61b79b9a\" data-element_type=\"section\" data-e-type=\"section\" data-settings=\"{&quot;background_background&quot;:&quot;classic&quot;}\">\n\t\t\t\t\t\t<div class=\"elementor-container elementor-column-gap-default\">\n\t\t\t\t\t<div class=\"elementor-column elementor-col-100 elementor-top-column elementor-element elementor-element-37d59b0d\" data-id=\"37d59b0d\" data-element_type=\"column\" data-e-type=\"column\">\n\t\t\t<div class=\"elementor-widget-wrap elementor-element-populated\">\n\t\t\t\t\t\t<div class=\"elementor-element elementor-element-137c7fa9 elementor-grid-3 elementor-grid-tablet-2 elementor-grid-mobile-1 elementor-posts--thumbnail-top elementor-widget elementor-widget-posts\" data-id=\"137c7fa9\" data-element_type=\"widget\" data-e-type=\"widget\" data-settings=\"{&quot;classic_columns&quot;:&quot;3&quot;,&quot;classic_columns_tablet&quot;:&quot;2&quot;,&quot;classic_columns_mobile&quot;:&quot;1&quot;,&quot;classic_row_gap&quot;:{&quot;unit&quot;:&quot;px&quot;,&quot;size&quot;:35,&quot;sizes&quot;:[]},&quot;classic_row_gap_tablet&quot;:{&quot;unit&quot;:&quot;px&quot;,&quot;size&quot;:&quot;&quot;,&quot;sizes&quot;:[]},&quot;classic_row_gap_mobile&quot;:{&quot;unit&quot;:&quot;px&quot;,&quot;size&quot;:&quot;&quot;,&quot;sizes&quot;:[]}}\" data-widget_type=\"posts.classic\">\n\t\t\t\t<div class=\"elementor-widget-container\">\n\t\t\t\t\t\t\t<div class=\"elementor-posts-container elementor-posts elementor-posts--skin-classic elementor-grid\" role=\"list\">\n\t\t\t\t<article class=\"elementor-post elementor-grid-item post-1892 post type-post status-publish format-standard has-post-thumbnail hentry category-sem-categoria\" role=\"listitem\">\n\t\t\t\t<a class=\"elementor-post__thumbnail__link\" href=\"https:\/\/novavenida.pt\/en\/vender-rolex-usado\/\" tabindex=\"-1\">\n\t\t\t<div class=\"elementor-post__thumbnail\"><img decoding=\"async\" width=\"248\" height=\"300\" src=\"https:\/\/novavenida.pt\/wp-content\/uploads\/2021\/11\/rolex-gold-248x300.jpg\" class=\"attachment-medium size-medium wp-image-1626\" alt=\"\" srcset=\"https:\/\/novavenida.pt\/wp-content\/uploads\/2021\/11\/rolex-gold-248x300.jpg 248w, https:\/\/novavenida.pt\/wp-content\/uploads\/2021\/11\/rolex-gold-10x12.jpg 10w, https:\/\/novavenida.pt\/wp-content\/uploads\/2021\/11\/rolex-gold.jpg 330w\" sizes=\"(max-width: 248px) 100vw, 248px\" \/><\/div>\n\t\t<\/a>\n\t\t\t\t<div class=\"elementor-post__text\">\n\t\t\t\t<h3 class=\"elementor-post__title\">\n\t\t\t<a href=\"https:\/\/novavenida.pt\/en\/vender-rolex-usado\/\">\n\t\t\t\tComo vender um rel\u00f3gio Rolex\t\t\t<\/a>\n\t\t<\/h3>\n\t\t\t\t<div class=\"elementor-post__meta-data\">\n\t\t\t\t\t<span class=\"elementor-post-date\">\n\t\t\t21 de April, 2022\t\t<\/span>\n\t\t\t\t<span class=\"elementor-post-avatar\">\n\t\t\tNo Comments\t\t<\/span>\n\t\t\t\t<\/div>\n\t\t\t\t<div class=\"elementor-post__excerpt\">\n\t\t\t<p>Como vender um rel\u00f3gio Rolex usado com pap\u00e9is? O mercado secund\u00e1rio de rel\u00f3gios de luxo est\u00e1 a crescer. E isso \u00e9 uma \u00f3tima not\u00edcia para<\/p>\n\t\t<\/div>\n\t\t\n\t\t<a class=\"elementor-post__read-more\" href=\"https:\/\/novavenida.pt\/en\/vender-rolex-usado\/\" aria-label=\"Read more about Como vender um rel\u00f3gio Rolex\" tabindex=\"-1\">\n\t\t\tRead More \u00bb\t\t<\/a>\n\n\t\t\t\t<\/div>\n\t\t\t\t<\/article>\n\t\t\t\t<article class=\"elementor-post elementor-grid-item post-1898 post type-post status-publish format-standard has-post-thumbnail hentry category-sem-categoria\" role=\"listitem\">\n\t\t\t\t<a class=\"elementor-post__thumbnail__link\" href=\"https:\/\/novavenida.pt\/en\/razoes-relogio-avariar\/\" tabindex=\"-1\">\n\t\t\t<div class=\"elementor-post__thumbnail\"><img decoding=\"async\" width=\"300\" height=\"191\" src=\"https:\/\/novavenida.pt\/wp-content\/uploads\/2022\/04\/conserto-de-relogios_rs-300x191.jpg\" class=\"attachment-medium size-medium wp-image-1899\" alt=\"conserto-de-relogios\" srcset=\"https:\/\/novavenida.pt\/wp-content\/uploads\/2022\/04\/conserto-de-relogios_rs-300x191.jpg 300w, https:\/\/novavenida.pt\/wp-content\/uploads\/2022\/04\/conserto-de-relogios_rs-18x12.jpg 18w, https:\/\/novavenida.pt\/wp-content\/uploads\/2022\/04\/conserto-de-relogios_rs.jpg 734w\" sizes=\"(max-width: 300px) 100vw, 300px\" \/><\/div>\n\t\t<\/a>\n\t\t\t\t<div class=\"elementor-post__text\">\n\t\t\t\t<h3 class=\"elementor-post__title\">\n\t\t\t<a href=\"https:\/\/novavenida.pt\/en\/razoes-relogio-avariar\/\">\n\t\t\t\t5 raz\u00f5es pelas quais o seu rel\u00f3gio pode avariar\t\t\t<\/a>\n\t\t<\/h3>\n\t\t\t\t<div class=\"elementor-post__meta-data\">\n\t\t\t\t\t<span class=\"elementor-post-date\">\n\t\t\t7 de April, 2022\t\t<\/span>\n\t\t\t\t<span class=\"elementor-post-avatar\">\n\t\t\tNo Comments\t\t<\/span>\n\t\t\t\t<\/div>\n\t\t\t\t<div class=\"elementor-post__excerpt\">\n\t\t\t<p>5 raz\u00f5es pelas quais o seu rel\u00f3gio pode avariar Uma situa\u00e7\u00e3o que pode acontecer a qualquer um \u00e9 ter um rel\u00f3gio e o mesmo deixar<\/p>\n\t\t<\/div>\n\t\t\n\t\t<a class=\"elementor-post__read-more\" href=\"https:\/\/novavenida.pt\/en\/razoes-relogio-avariar\/\" aria-label=\"Read more about 5 raz\u00f5es pelas quais o seu rel\u00f3gio pode avariar\" tabindex=\"-1\">\n\t\t\tRead More \u00bb\t\t<\/a>\n\n\t\t\t\t<\/div>\n\t\t\t\t<\/article>\n\t\t\t\t<article class=\"elementor-post elementor-grid-item post-1790 post type-post status-publish format-standard has-post-thumbnail hentry category-sem-categoria\" role=\"listitem\">\n\t\t\t\t<a class=\"elementor-post__thumbnail__link\" href=\"https:\/\/novavenida.pt\/en\/vender-relogio-antigo\/\" tabindex=\"-1\">\n\t\t\t<div class=\"elementor-post__thumbnail\"><img loading=\"lazy\" decoding=\"async\" width=\"300\" height=\"300\" src=\"https:\/\/novavenida.pt\/wp-content\/uploads\/2021\/12\/omega-usado-300x300.jpg\" class=\"attachment-medium size-medium wp-image-1794\" alt=\"\" srcset=\"https:\/\/novavenida.pt\/wp-content\/uploads\/2021\/12\/omega-usado-300x300.jpg 300w, https:\/\/novavenida.pt\/wp-content\/uploads\/2021\/12\/omega-usado-1024x1024.jpg 1024w, https:\/\/novavenida.pt\/wp-content\/uploads\/2021\/12\/omega-usado-150x150.jpg 150w, https:\/\/novavenida.pt\/wp-content\/uploads\/2021\/12\/omega-usado-768x768.jpg 768w, https:\/\/novavenida.pt\/wp-content\/uploads\/2021\/12\/omega-usado-1536x1536.jpg 1536w, https:\/\/novavenida.pt\/wp-content\/uploads\/2021\/12\/omega-usado-12x12.jpg 12w, https:\/\/novavenida.pt\/wp-content\/uploads\/2021\/12\/omega-usado.jpg 1920w\" sizes=\"(max-width: 300px) 100vw, 300px\" \/><\/div>\n\t\t<\/a>\n\t\t\t\t<div class=\"elementor-post__text\">\n\t\t\t\t<h3 class=\"elementor-post__title\">\n\t\t\t<a href=\"https:\/\/novavenida.pt\/en\/vender-relogio-antigo\/\">\n\t\t\t\tComo vender rel\u00f3gio antigo ou vintage valorizando-o?\t\t\t<\/a>\n\t\t<\/h3>\n\t\t\t\t<div class=\"elementor-post__meta-data\">\n\t\t\t\t\t<span class=\"elementor-post-date\">\n\t\t\t23 de December, 2021\t\t<\/span>\n\t\t\t\t<span class=\"elementor-post-avatar\">\n\t\t\tNo Comments\t\t<\/span>\n\t\t\t\t<\/div>\n\t\t\t\t<div class=\"elementor-post__excerpt\">\n\t\t\t<p>O Processo da venda de um relogio usado? Vender relogio antigo. Sabe que pode estar sentado numa mina de ouro? Se encontrou uma velha pe\u00e7a<\/p>\n\t\t<\/div>\n\t\t\n\t\t<a class=\"elementor-post__read-more\" href=\"https:\/\/novavenida.pt\/en\/vender-relogio-antigo\/\" aria-label=\"Read more about Como vender rel\u00f3gio antigo ou vintage valorizando-o?\" tabindex=\"-1\">\n\t\t\tRead More \u00bb\t\t<\/a>\n\n\t\t\t\t<\/div>\n\t\t\t\t<\/article>\n\t\t\t\t<article class=\"elementor-post elementor-grid-item post-1778 post type-post status-publish format-standard has-post-thumbnail hentry category-sem-categoria\" role=\"listitem\">\n\t\t\t\t<a class=\"elementor-post__thumbnail__link\" href=\"https:\/\/novavenida.pt\/en\/manutencao-relogio-rolex\/\" tabindex=\"-1\">\n\t\t\t<div class=\"elementor-post__thumbnail\"><img loading=\"lazy\" decoding=\"async\" width=\"300\" height=\"300\" src=\"https:\/\/novavenida.pt\/wp-content\/uploads\/2021\/10\/Rolex-Submariner-Spider-Date-Stainless-steel-300x300.jpg\" class=\"attachment-medium size-medium wp-image-850\" alt=\"manuten\u00e7\u00e3o relogio rolex\" srcset=\"https:\/\/novavenida.pt\/wp-content\/uploads\/2021\/10\/Rolex-Submariner-Spider-Date-Stainless-steel-300x300.jpg 300w, https:\/\/novavenida.pt\/wp-content\/uploads\/2021\/10\/Rolex-Submariner-Spider-Date-Stainless-steel-150x150.jpg 150w, https:\/\/novavenida.pt\/wp-content\/uploads\/2021\/10\/Rolex-Submariner-Spider-Date-Stainless-steel-12x12.jpg 12w, https:\/\/novavenida.pt\/wp-content\/uploads\/2021\/10\/Rolex-Submariner-Spider-Date-Stainless-steel.jpg 400w\" sizes=\"(max-width: 300px) 100vw, 300px\" \/><\/div>\n\t\t<\/a>\n\t\t\t\t<div class=\"elementor-post__text\">\n\t\t\t\t<h3 class=\"elementor-post__title\">\n\t\t\t<a href=\"https:\/\/novavenida.pt\/en\/manutencao-relogio-rolex\/\">\n\t\t\t\tComo fazer a manuten\u00e7\u00e3o rel\u00f3gio Rolex?\t\t\t<\/a>\n\t\t<\/h3>\n\t\t\t\t<div class=\"elementor-post__meta-data\">\n\t\t\t\t\t<span class=\"elementor-post-date\">\n\t\t\t23 de December, 2021\t\t<\/span>\n\t\t\t\t<span class=\"elementor-post-avatar\">\n\t\t\tNo Comments\t\t<\/span>\n\t\t\t\t<\/div>\n\t\t\t\t<div class=\"elementor-post__excerpt\">\n\t\t\t<p>COMO LIMPAR O MEU ROLEX? Como dono de um rel\u00f3gio Rolex, compreensivelmente vai querer us\u00e1-lo com orgulho, mostrando toda a sua magnific\u00eancia em vez de<\/p>\n\t\t<\/div>\n\t\t\n\t\t<a class=\"elementor-post__read-more\" href=\"https:\/\/novavenida.pt\/en\/manutencao-relogio-rolex\/\" aria-label=\"Read more about Como fazer a manuten\u00e7\u00e3o rel\u00f3gio Rolex?\" tabindex=\"-1\">\n\t\t\tRead More \u00bb\t\t<\/a>\n\n\t\t\t\t<\/div>\n\t\t\t\t<\/article>\n\t\t\t\t<\/div>\n\t\t\n\t\t\t\t\t\t<\/div>\n\t\t\t\t<\/div>\n\t\t\t\t<div class=\"elementor-element elementor-element-36c663de elementor-share-buttons--view-icon elementor-share-buttons--skin-gradient elementor-share-buttons--shape-square elementor-grid-0 elementor-share-buttons--color-official elementor-widget elementor-widget-share-buttons\" data-id=\"36c663de\" data-element_type=\"widget\" data-e-type=\"widget\" data-widget_type=\"share-buttons.default\">\n\t\t\t\t<div class=\"elementor-widget-container\">\n\t\t\t\t\t\t\t<div class=\"elementor-grid\" role=\"list\">\n\t\t\t\t\t\t\t\t<div class=\"elementor-grid-item\" role=\"listitem\">\n\t\t\t\t\t\t<div class=\"elementor-share-btn elementor-share-btn_facebook\" role=\"button\" tabindex=\"0\" aria-label=\"Share on facebook\">\n\t\t\t\t\t\t\t\t\t\t\t\t\t\t\t<span class=\"elementor-share-btn__icon\">\n\t\t\t\t\t\t\t\t<i class=\"fab fa-facebook\" aria-hidden=\"true\"><\/i>\t\t\t\t\t\t\t<\/span>\n\t\t\t\t\t\t\t\t\t\t\t\t\t\t\t\t\t\t\t\t<\/div>\n\t\t\t\t\t<\/div>\n\t\t\t\t\t\t\t\t\t<div class=\"elementor-grid-item\" role=\"listitem\">\n\t\t\t\t\t\t<div class=\"elementor-share-btn elementor-share-btn_twitter\" role=\"button\" tabindex=\"0\" aria-label=\"Share on twitter\">\n\t\t\t\t\t\t\t\t\t\t\t\t\t\t\t<span class=\"elementor-share-btn__icon\">\n\t\t\t\t\t\t\t\t<i class=\"fab fa-twitter\" aria-hidden=\"true\"><\/i>\t\t\t\t\t\t\t<\/span>\n\t\t\t\t\t\t\t\t\t\t\t\t\t\t\t\t\t\t\t\t<\/div>\n\t\t\t\t\t<\/div>\n\t\t\t\t\t\t\t\t\t<div class=\"elementor-grid-item\" role=\"listitem\">\n\t\t\t\t\t\t<div class=\"elementor-share-btn elementor-share-btn_linkedin\" role=\"button\" tabindex=\"0\" aria-label=\"Share on linkedin\">\n\t\t\t\t\t\t\t\t\t\t\t\t\t\t\t<span class=\"elementor-share-btn__icon\">\n\t\t\t\t\t\t\t\t<i class=\"fab fa-linkedin\" aria-hidden=\"true\"><\/i>\t\t\t\t\t\t\t<\/span>\n\t\t\t\t\t\t\t\t\t\t\t\t\t\t\t\t\t\t\t\t<\/div>\n\t\t\t\t\t<\/div>\n\t\t\t\t\t\t\t\t\t<div class=\"elementor-grid-item\" role=\"listitem\">\n\t\t\t\t\t\t<div class=\"elementor-share-btn elementor-share-btn_whatsapp\" role=\"button\" tabindex=\"0\" aria-label=\"Share on whatsapp\">\n\t\t\t\t\t\t\t\t\t\t\t\t\t\t\t<span class=\"elementor-share-btn__icon\">\n\t\t\t\t\t\t\t\t<i class=\"fab fa-whatsapp\" aria-hidden=\"true\"><\/i>\t\t\t\t\t\t\t<\/span>\n\t\t\t\t\t\t\t\t\t\t\t\t\t\t\t\t\t\t\t\t<\/div>\n\t\t\t\t\t<\/div>\n\t\t\t\t\t\t\t\t\t<div class=\"elementor-grid-item\" role=\"listitem\">\n\t\t\t\t\t\t<div class=\"elementor-share-btn elementor-share-btn_email\" role=\"button\" tabindex=\"0\" aria-label=\"Share on email\">\n\t\t\t\t\t\t\t\t\t\t\t\t\t\t\t<span class=\"elementor-share-btn__icon\">\n\t\t\t\t\t\t\t\t<i class=\"fas fa-envelope\" aria-hidden=\"true\"><\/i>\t\t\t\t\t\t\t<\/span>\n\t\t\t\t\t\t\t\t\t\t\t\t\t\t\t\t\t\t\t\t<\/div>\n\t\t\t\t\t<\/div>\n\t\t\t\t\t\t<\/div>\n\t\t\t\t\t\t<\/div>\n\t\t\t\t<\/div>\n\t\t\t\t\t<\/div>\n\t\t<\/div>\n\t\t\t\t\t<\/div>\n\t\t<\/section>\n\t\t\t\t<section class=\"elementor-section elementor-top-section elementor-element elementor-element-3e9e1c9d elementor-section-full_width elementor-section-height-min-height elementor-section-content-middle elementor-section-height-default elementor-section-items-middle\" data-id=\"3e9e1c9d\" data-element_type=\"section\" data-e-type=\"section\" data-settings=\"{&quot;background_background&quot;:&quot;classic&quot;}\">\n\t\t\t\t\t\t<div class=\"elementor-container elementor-column-gap-no\">\n\t\t\t\t\t<div class=\"elementor-column elementor-col-100 elementor-top-column elementor-element elementor-element-64563b3a\" data-id=\"64563b3a\" data-element_type=\"column\" data-e-type=\"column\">\n\t\t\t<div class=\"elementor-widget-wrap elementor-element-populated\">\n\t\t\t\t\t\t\t<\/div>\n\t\t<\/div>\n\t\t\t\t\t<\/div>\n\t\t<\/section>\n\t\t\t\t<\/div>\n\t\t","protected":false},"excerpt":{"rendered":"<p>O Nosso Blog Mantenha-se a par das novidades e noticias da Novavenida.\u00a0 Share on facebook Share on twitter Share on linkedin Share on whatsapp Share on email<\/p>","protected":false},"author":1,"featured_media":0,"parent":0,"menu_order":0,"comment_status":"closed","ping_status":"closed","template":"elementor_header_footer","meta":{"om_disable_all_campaigns":false,"_mbp_gutenberg_autopost":false,"footnotes":""},"class_list":["post-1848","page","type-page","status-publish","hentry"],"_links":{"self":[{"href":"https:\/\/novavenida.pt\/en\/wp-json\/wp\/v2\/pages\/1848","targetHints":{"allow":["GET"]}}],"collection":[{"href":"https:\/\/novavenida.pt\/en\/wp-json\/wp\/v2\/pages"}],"about":[{"href":"https:\/\/novavenida.pt\/en\/wp-json\/wp\/v2\/types\/page"}],"author":[{"embeddable":true,"href":"https:\/\/novavenida.pt\/en\/wp-json\/wp\/v2\/users\/1"}],"replies":[{"embeddable":true,"href":"https:\/\/novavenida.pt\/en\/wp-json\/wp\/v2\/comments?post=1848"}],"version-history":[{"count":13,"href":"https:\/\/novavenida.pt\/en\/wp-json\/wp\/v2\/pages\/1848\/revisions"}],"predecessor-version":[{"id":1874,"href":"https:\/\/novavenida.pt\/en\/wp-json\/wp\/v2\/pages\/1848\/revisions\/1874"}],"wp:attachment":[{"href":"https:\/\/novavenida.pt\/en\/wp-json\/wp\/v2\/media?parent=1848"}],"curies":[{"name":"wp","href":"https:\/\/api.w.org\/{rel}","templated":true}]}}