{"id":272,"date":"2021-09-16T12:33:40","date_gmt":"2021-09-16T12:33:40","guid":{"rendered":"https:\/\/novavenida.pt\/?page_id=272"},"modified":"2021-09-17T17:28:54","modified_gmt":"2021-09-17T17:28:54","slug":"sobre-nos","status":"publish","type":"page","link":"https:\/\/novavenida.pt\/en\/sobre-nos\/","title":{"rendered":"about us"},"content":{"rendered":"<div data-elementor-type=\"wp-page\" data-elementor-id=\"272\" class=\"elementor elementor-272\" data-elementor-post-type=\"page\">\n\t\t\t\t\t\t<section class=\"elementor-section elementor-top-section elementor-element elementor-element-aa0708c elementor-section-full_width elementor-section-content-middle elementor-section-height-default elementor-section-height-default\" data-id=\"aa0708c\" data-element_type=\"section\" data-e-type=\"section\">\n\t\t\t\t\t\t<div class=\"elementor-container elementor-column-gap-no\">\n\t\t\t\t\t<div class=\"elementor-column elementor-col-50 elementor-top-column elementor-element elementor-element-22258f9a\" data-id=\"22258f9a\" data-element_type=\"column\" data-e-type=\"column\" data-settings=\"{&quot;background_background&quot;:&quot;classic&quot;}\">\n\t\t\t<div class=\"elementor-widget-wrap elementor-element-populated\">\n\t\t\t\t\t<div class=\"elementor-background-overlay\"><\/div>\n\t\t\t\t\t\t<div class=\"elementor-element elementor-element-63e61456 elementor-widget elementor-widget-heading\" data-id=\"63e61456\" data-element_type=\"widget\" data-e-type=\"widget\" data-widget_type=\"heading.default\">\n\t\t\t\t<div class=\"elementor-widget-container\">\n\t\t\t\t\t<h4 class=\"elementor-heading-title elementor-size-default\">Watchmaker in Lisbon For More Than 35 Years<\/h4>\t\t\t\t<\/div>\n\t\t\t\t<\/div>\n\t\t\t\t\t<\/div>\n\t\t<\/div>\n\t\t\t\t<div class=\"elementor-column elementor-col-50 elementor-top-column elementor-element elementor-element-6348ba9f\" data-id=\"6348ba9f\" data-element_type=\"column\" data-e-type=\"column\">\n\t\t\t<div class=\"elementor-widget-wrap elementor-element-populated\">\n\t\t\t\t\t\t<div class=\"elementor-element elementor-element-5821c0a2 elementor-widget elementor-widget-text-editor\" data-id=\"5821c0a2\" data-element_type=\"widget\" data-e-type=\"widget\" data-widget_type=\"text-editor.default\">\n\t\t\t\t<div class=\"elementor-widget-container\">\n\t\t\t\t\t\t\t\t\t<p>Watchmaker for over 35 years. Experience as a watchmaker and merchant, we started this journey as the Owner of a sales shop in Lausanne, and atelier for repairing and restoring vintage watches.<\/p>\t\t\t\t\t\t\t\t<\/div>\n\t\t\t\t<\/div>\n\t\t\t\t<div class=\"elementor-element elementor-element-3d6c086e elementor-widget elementor-widget-text-editor\" data-id=\"3d6c086e\" data-element_type=\"widget\" data-e-type=\"widget\" data-widget_type=\"text-editor.default\">\n\t\t\t\t<div class=\"elementor-widget-container\">\n\t\t\t\t\t\t\t\t\t<p>Pioneers in the concept of second-hand (pre-owned) luxury watches in Portugal and vintage watches.&nbsp;<br><\/p>\n<p>Practice Rhabillage in Switzerland in exceptional Atelier. Specialists in vintage watchmaking.<\/p>\n<p>We are located near the Gulbenkian Museum. Come and talk about watches with us and you won't see time go by!<\/p>\t\t\t\t\t\t\t\t<\/div>\n\t\t\t\t<\/div>\n\t\t\t\t<div class=\"elementor-element elementor-element-67da2c54 elementor-widget elementor-widget-text-editor\" data-id=\"67da2c54\" data-element_type=\"widget\" data-e-type=\"widget\" data-widget_type=\"text-editor.default\">\n\t\t\t\t<div class=\"elementor-widget-container\">\n\t\t\t\t\t\t\t\t\t<p>We repair pocket watches and clocks.<br \/>We have a polishing workshop.<\/p><p>Come and equip your watch with a large collection of straps and bracelets, made to measure.<\/p><p>We make free estimates for repairing your watch.<\/p><p>We buy, sell, trade contemporary and vintage watches.<\/p><p>We do watches valuations.<\/p>\t\t\t\t\t\t\t\t<\/div>\n\t\t\t\t<\/div>\n\t\t\t\t\t<\/div>\n\t\t<\/div>\n\t\t\t\t\t<\/div>\n\t\t<\/section>\n\t\t\t\t<\/div>","protected":false},"excerpt":{"rendered":"<p>Relojeiro Lisboa H\u00e1 Mais de 35 anos Relojoeiro h\u00e1 mais de 35 anos. Experi\u00eancia como relojoeiro e comerciante, iniciamos este percurso como Propriet\u00e1rio de uma loja em Lausanne de vendas, e atelier de repara\u00e7\u00f5es e restauro de rel\u00f3gios antigos. Pioneiros no conceito de rel\u00f3gios de luxo em segunda m\u00e3o (semi- novos) em Portugal e rel\u00f3gios [&hellip;]<\/p>\n","protected":false},"author":1,"featured_media":0,"parent":0,"menu_order":0,"comment_status":"closed","ping_status":"closed","template":"elementor_header_footer","meta":{"om_disable_all_campaigns":false,"_mbp_gutenberg_autopost":false,"footnotes":""},"class_list":["post-272","page","type-page","status-publish","hentry"],"_links":{"self":[{"href":"https:\/\/novavenida.pt\/en\/wp-json\/wp\/v2\/pages\/272","targetHints":{"allow":["GET"]}}],"collection":[{"href":"https:\/\/novavenida.pt\/en\/wp-json\/wp\/v2\/pages"}],"about":[{"href":"https:\/\/novavenida.pt\/en\/wp-json\/wp\/v2\/types\/page"}],"author":[{"embeddable":true,"href":"https:\/\/novavenida.pt\/en\/wp-json\/wp\/v2\/users\/1"}],"replies":[{"embeddable":true,"href":"https:\/\/novavenida.pt\/en\/wp-json\/wp\/v2\/comments?post=272"}],"version-history":[{"count":19,"href":"https:\/\/novavenida.pt\/en\/wp-json\/wp\/v2\/pages\/272\/revisions"}],"predecessor-version":[{"id":352,"href":"https:\/\/novavenida.pt\/en\/wp-json\/wp\/v2\/pages\/272\/revisions\/352"}],"wp:attachment":[{"href":"https:\/\/novavenida.pt\/en\/wp-json\/wp\/v2\/media?parent=272"}],"curies":[{"name":"wp","href":"https:\/\/api.w.org\/{rel}","templated":true}]}}